{"id":107,"date":"2016-10-18T12:47:13","date_gmt":"2016-10-18T11:47:13","guid":{"rendered":"http:\/\/www.gradski-muzej-krizevci.hr\/?page_id=107"},"modified":"2017-04-12T09:03:44","modified_gmt":"2017-04-12T08:03:44","slug":"cehovska-zbirka","status":"publish","type":"page","link":"http:\/\/www.gradski-muzej-krizevci.hr\/?page_id=107","title":{"rendered":"Cehovska zbirka"},"content":{"rendered":"<div id='gallery-1' class='gallery galleryid-107 gallery-columns-6 gallery-size-thumbnail'><figure class='gallery-item'>\n\t\t\t<div class='gallery-icon landscape'>\n\t\t\t\t<a title=\"cehovski-pecat\" href='http:\/\/www.gradski-muzej-krizevci.hr\/wp-content\/uploads\/2016\/10\/Cehovski-pe\u010dat.jpg'><img loading=\"lazy\" decoding=\"async\" width=\"150\" height=\"150\" src=\"http:\/\/www.gradski-muzej-krizevci.hr\/wp-content\/uploads\/2016\/10\/Cehovski-pe\u010dat-150x150.jpg\" class=\"attachment-thumbnail size-thumbnail\" alt=\"\" srcset=\"http:\/\/www.gradski-muzej-krizevci.hr\/wp-content\/uploads\/2016\/10\/Cehovski-pe\u010dat-150x150.jpg 150w, http:\/\/www.gradski-muzej-krizevci.hr\/wp-content\/uploads\/2016\/10\/Cehovski-pe\u010dat-60x60.jpg 60w\" sizes=\"auto, (max-width: 150px) 100vw, 150px\" \/><\/a>\n\t\t\t<\/div><\/figure><figure class='gallery-item'>\n\t\t\t<div class='gallery-icon landscape'>\n\t\t\t\t<a title=\"Cehovski cimer -GRADSKI MUZEJ KRI\u017dEVCI\" href='http:\/\/www.gradski-muzej-krizevci.hr\/wp-content\/uploads\/2016\/10\/Cehovski-cimer.jpg'><img loading=\"lazy\" decoding=\"async\" width=\"150\" height=\"150\" src=\"http:\/\/www.gradski-muzej-krizevci.hr\/wp-content\/uploads\/2016\/10\/Cehovski-cimer-150x150.jpg\" class=\"attachment-thumbnail size-thumbnail\" alt=\"\" srcset=\"http:\/\/www.gradski-muzej-krizevci.hr\/wp-content\/uploads\/2016\/10\/Cehovski-cimer-150x150.jpg 150w, http:\/\/www.gradski-muzej-krizevci.hr\/wp-content\/uploads\/2016\/10\/Cehovski-cimer-60x60.jpg 60w\" sizes=\"auto, (max-width: 150px) 100vw, 150px\" \/><\/a>\n\t\t\t<\/div><\/figure><figure class='gallery-item'>\n\t\t\t<div class='gallery-icon portrait'>\n\t\t\t\t<a title=\"cehovska-tablica\" href='http:\/\/www.gradski-muzej-krizevci.hr\/wp-content\/uploads\/2016\/10\/Cehovska-tablica.jpg'><img loading=\"lazy\" decoding=\"async\" width=\"150\" height=\"150\" src=\"http:\/\/www.gradski-muzej-krizevci.hr\/wp-content\/uploads\/2016\/10\/Cehovska-tablica-150x150.jpg\" class=\"attachment-thumbnail size-thumbnail\" alt=\"\" srcset=\"http:\/\/www.gradski-muzej-krizevci.hr\/wp-content\/uploads\/2016\/10\/Cehovska-tablica-150x150.jpg 150w, http:\/\/www.gradski-muzej-krizevci.hr\/wp-content\/uploads\/2016\/10\/Cehovska-tablica-60x60.jpg 60w\" sizes=\"auto, (max-width: 150px) 100vw, 150px\" \/><\/a>\n\t\t\t<\/div><\/figure><figure class='gallery-item'>\n\t\t\t<div class='gallery-icon landscape'>\n\t\t\t\t<a title=\"cehovska-skrinja\" href='http:\/\/www.gradski-muzej-krizevci.hr\/wp-content\/uploads\/2016\/10\/Cehovska-\u0161krinja.jpg'><img loading=\"lazy\" decoding=\"async\" width=\"150\" height=\"150\" src=\"http:\/\/www.gradski-muzej-krizevci.hr\/wp-content\/uploads\/2016\/10\/Cehovska-\u0161krinja-150x150.jpg\" class=\"attachment-thumbnail size-thumbnail\" alt=\"\" srcset=\"http:\/\/www.gradski-muzej-krizevci.hr\/wp-content\/uploads\/2016\/10\/Cehovska-\u0161krinja-150x150.jpg 150w, http:\/\/www.gradski-muzej-krizevci.hr\/wp-content\/uploads\/2016\/10\/Cehovska-\u0161krinja-60x60.jpg 60w\" sizes=\"auto, (max-width: 150px) 100vw, 150px\" \/><\/a>\n\t\t\t<\/div><\/figure><figure class='gallery-item'>\n\t\t\t<div class='gallery-icon landscape'>\n\t\t\t\t<a title=\"cehovska-povelja\" href='http:\/\/www.gradski-muzej-krizevci.hr\/wp-content\/uploads\/2016\/10\/Cehovska-povelja.jpg'><img loading=\"lazy\" decoding=\"async\" width=\"150\" height=\"150\" src=\"http:\/\/www.gradski-muzej-krizevci.hr\/wp-content\/uploads\/2016\/10\/Cehovska-povelja-150x150.jpg\" class=\"attachment-thumbnail size-thumbnail\" alt=\"\" srcset=\"http:\/\/www.gradski-muzej-krizevci.hr\/wp-content\/uploads\/2016\/10\/Cehovska-povelja-150x150.jpg 150w, http:\/\/www.gradski-muzej-krizevci.hr\/wp-content\/uploads\/2016\/10\/Cehovska-povelja-60x60.jpg 60w\" sizes=\"auto, (max-width: 150px) 100vw, 150px\" \/><\/a>\n\t\t\t<\/div><\/figure><figure class='gallery-item'>\n\t\t\t<div class='gallery-icon landscape'>\n\t\t\t\t<a title=\"Cehovska zbirka,GRADSKI MUZEJ KRI\u017dEVCI\" href='http:\/\/www.gradski-muzej-krizevci.hr\/wp-content\/uploads\/2017\/04\/cehovska.jpg'><img loading=\"lazy\" decoding=\"async\" width=\"150\" height=\"150\" src=\"http:\/\/www.gradski-muzej-krizevci.hr\/wp-content\/uploads\/2017\/04\/cehovska-150x150.jpg\" class=\"attachment-thumbnail size-thumbnail\" alt=\"\" srcset=\"http:\/\/www.gradski-muzej-krizevci.hr\/wp-content\/uploads\/2017\/04\/cehovska-150x150.jpg 150w, http:\/\/www.gradski-muzej-krizevci.hr\/wp-content\/uploads\/2017\/04\/cehovska-60x60.jpg 60w\" sizes=\"auto, (max-width: 150px) 100vw, 150px\" \/><\/a>\n\t\t\t<\/div><\/figure>\n\t\t<\/div>\n\n<p>Kri\u017eevci su kroz povijest bili poznati kao jako obrtni\u010dko sredi\u0161te. U 18. st. u gradu djeluje sedam cehova, odnosno 224 majstora okupljena u 35 struka. Stari kri\u017eeva\u010dki majstori predstavljeni su predmetima vezanim za cehove kao \u0161to su cehovske \u0161krinje, koje su slu\u017eile kao blagajne i spremnice najva\u017enijih cehovskih isprava, pe\u010datnjaci, rukom pisana te bogato ukra\u0161avana cehovska pravila potvr\u0111ena od vladara, kao i originalne povelje nekoliko cehova, metalne korice u kojima su \u010duvana pravila, tablice ceha kojima su \u010dlanovi pozivani na sastanke te cehovske zastave. U vitrinama su izlo\u017eeni alati, kao i proizvodi starih kri\u017eeva\u010dkih majstora. Po zidovima vise \u201ccimeri\u201d, odnosno simboli pojedinih obrta izvje\u0161eni na ku\u0107ama majstora.<\/p>\n<p>Voditelj: Ozren Blagec, vi\u0161i kustos<\/p>\n","protected":false},"excerpt":{"rendered":"<p>Kri\u017eevci su kroz povijest bili poznati kao jako obrtni\u010dko sredi\u0161te. U 18. st. u gradu djeluje sedam cehova, odnosno 224 majstora okupljena u 35 struka. Stari kri\u017eeva\u010dki majstori predstavljeni su&hellip;<\/p>\n","protected":false},"author":2,"featured_media":0,"parent":100,"menu_order":0,"comment_status":"closed","ping_status":"closed","template":"","meta":{"_bbp_topic_count":0,"_bbp_reply_count":0,"_bbp_total_topic_count":0,"_bbp_total_reply_count":0,"_bbp_voice_count":0,"_bbp_anonymous_reply_count":0,"_bbp_topic_count_hidden":0,"_bbp_reply_count_hidden":0,"_bbp_forum_subforum_count":0,"footnotes":""},"class_list":["post-107","page","type-page","status-publish","hentry"],"_links":{"self":[{"href":"http:\/\/www.gradski-muzej-krizevci.hr\/index.php?rest_route=\/wp\/v2\/pages\/107","targetHints":{"allow":["GET"]}}],"collection":[{"href":"http:\/\/www.gradski-muzej-krizevci.hr\/index.php?rest_route=\/wp\/v2\/pages"}],"about":[{"href":"http:\/\/www.gradski-muzej-krizevci.hr\/index.php?rest_route=\/wp\/v2\/types\/page"}],"author":[{"embeddable":true,"href":"http:\/\/www.gradski-muzej-krizevci.hr\/index.php?rest_route=\/wp\/v2\/users\/2"}],"replies":[{"embeddable":true,"href":"http:\/\/www.gradski-muzej-krizevci.hr\/index.php?rest_route=%2Fwp%2Fv2%2Fcomments&post=107"}],"version-history":[{"count":5,"href":"http:\/\/www.gradski-muzej-krizevci.hr\/index.php?rest_route=\/wp\/v2\/pages\/107\/revisions"}],"predecessor-version":[{"id":286,"href":"http:\/\/www.gradski-muzej-krizevci.hr\/index.php?rest_route=\/wp\/v2\/pages\/107\/revisions\/286"}],"up":[{"embeddable":true,"href":"http:\/\/www.gradski-muzej-krizevci.hr\/index.php?rest_route=\/wp\/v2\/pages\/100"}],"wp:attachment":[{"href":"http:\/\/www.gradski-muzej-krizevci.hr\/index.php?rest_route=%2Fwp%2Fv2%2Fmedia&parent=107"}],"curies":[{"name":"wp","href":"https:\/\/api.w.org\/{rel}","templated":true}]}}