{"id":189,"date":"2016-10-19T08:13:03","date_gmt":"2016-10-19T07:13:03","guid":{"rendered":"http:\/\/www.gradski-muzej-krizevci.hr\/?page_id=189"},"modified":"2016-10-19T10:19:44","modified_gmt":"2016-10-19T09:19:44","slug":"likovna-galerija-gradskog-muzeja","status":"publish","type":"page","link":"http:\/\/www.gradski-muzej-krizevci.hr\/?page_id=189","title":{"rendered":"Likovna galerija gradskog muzeja"},"content":{"rendered":"<p>Likovna galerija nalazi se u sredi\u0161tu grada, neposredno uz gradski park, a njezin atrij jedan je od najugodnijih otvorenih prostora u gradu za razna kulturna doga\u0111anja tijekom ljetnih mjeseci.<br \/>\nU prizemlju je tijekom 2000. g. ure\u0111en kancelarijski prostor i tu se nalazi Uprava Muzeja.<br \/>\nZgrada Likovne galerije, tzv. Sabornica, jedna je od najstarijih kri\u017eeva\u010dkih gra\u0111evina. Nekada se nalazila uz ju\u017ena gradska vrata i na samome po\u010detku glavne ulice. To je gra\u0111evina grani\u010darskog baroka s jednostavnim ukrasima i masivnim mansardnim krovom. Dana\u0161nji izgled zgrada je dobila nakon pregradnje 1984. g., kada je u nju uselila Likovna galerija sa svojim izlo\u0161cima.<\/p>\n<p>Zgrada Likovne galerije ujedno je i prostor u kojemu se odr\u017eavaju povremene izlo\u017ebe, a izlo\u017ebu stalnog postava Likovne galerije mogu\u0107e je, zbog odr\u017eavanja ve\u0107eg broja drugih izlo\u017ebi, pokazati javnosti samo tijekom ljetnih mjeseci.<\/p>\n","protected":false},"excerpt":{"rendered":"<p>Likovna galerija nalazi se u sredi\u0161tu grada, neposredno uz gradski park, a njezin atrij jedan je od najugodnijih otvorenih prostora u gradu za razna kulturna doga\u0111anja tijekom ljetnih mjeseci. U&hellip;<\/p>\n","protected":false},"author":2,"featured_media":0,"parent":0,"menu_order":0,"comment_status":"closed","ping_status":"closed","template":"","meta":{"_bbp_topic_count":0,"_bbp_reply_count":0,"_bbp_total_topic_count":0,"_bbp_total_reply_count":0,"_bbp_voice_count":0,"_bbp_anonymous_reply_count":0,"_bbp_topic_count_hidden":0,"_bbp_reply_count_hidden":0,"_bbp_forum_subforum_count":0,"footnotes":""},"class_list":["post-189","page","type-page","status-publish","hentry"],"_links":{"self":[{"href":"http:\/\/www.gradski-muzej-krizevci.hr\/index.php?rest_route=\/wp\/v2\/pages\/189","targetHints":{"allow":["GET"]}}],"collection":[{"href":"http:\/\/www.gradski-muzej-krizevci.hr\/index.php?rest_route=\/wp\/v2\/pages"}],"about":[{"href":"http:\/\/www.gradski-muzej-krizevci.hr\/index.php?rest_route=\/wp\/v2\/types\/page"}],"author":[{"embeddable":true,"href":"http:\/\/www.gradski-muzej-krizevci.hr\/index.php?rest_route=\/wp\/v2\/users\/2"}],"replies":[{"embeddable":true,"href":"http:\/\/www.gradski-muzej-krizevci.hr\/index.php?rest_route=%2Fwp%2Fv2%2Fcomments&post=189"}],"version-history":[{"count":2,"href":"http:\/\/www.gradski-muzej-krizevci.hr\/index.php?rest_route=\/wp\/v2\/pages\/189\/revisions"}],"predecessor-version":[{"id":257,"href":"http:\/\/www.gradski-muzej-krizevci.hr\/index.php?rest_route=\/wp\/v2\/pages\/189\/revisions\/257"}],"wp:attachment":[{"href":"http:\/\/www.gradski-muzej-krizevci.hr\/index.php?rest_route=%2Fwp%2Fv2%2Fmedia&parent=189"}],"curies":[{"name":"wp","href":"https:\/\/api.w.org\/{rel}","templated":true}]}}