{"id":4719,"date":"2023-01-22T19:00:20","date_gmt":"2023-01-22T18:00:20","guid":{"rendered":"http:\/\/www.gradski-muzej-krizevci.hr\/?page_id=4719"},"modified":"2023-01-24T15:30:11","modified_gmt":"2023-01-24T14:30:11","slug":"noc-muzeja-2023","status":"publish","type":"page","link":"http:\/\/www.gradski-muzej-krizevci.hr\/?page_id=4719","title":{"rendered":"NO\u0106 MUZEJA 2023."},"content":{"rendered":"<p><img loading=\"lazy\" decoding=\"async\" class=\"wp-image-4754 alignleft\" src=\"http:\/\/www.gradski-muzej-krizevci.hr\/wp-content\/uploads\/2023\/01\/NOC-MUZEJA23-214x300.jpg\" alt=\"\" width=\"529\" height=\"742\" srcset=\"http:\/\/www.gradski-muzej-krizevci.hr\/wp-content\/uploads\/2023\/01\/NOC-MUZEJA23-214x300.jpg 214w, http:\/\/www.gradski-muzej-krizevci.hr\/wp-content\/uploads\/2023\/01\/NOC-MUZEJA23-731x1024.jpg 731w, http:\/\/www.gradski-muzej-krizevci.hr\/wp-content\/uploads\/2023\/01\/NOC-MUZEJA23-1097x1536.jpg 1097w, http:\/\/www.gradski-muzej-krizevci.hr\/wp-content\/uploads\/2023\/01\/NOC-MUZEJA23.jpg 1417w\" sizes=\"auto, (max-width: 529px) 100vw, 529px\" \/><\/p>\n<p>U petak 27. 01. 2023. godine u muzejima diljem Hrvatske odr\u017eat \u0107e se, u organizaciji Hrvatskog muzejskog dru\u0161tva, No\u0107 muzeja. Ova manifestacija pokrenuta je u Hrvatskoj 2005. godine, a u njoj je sudjelovalo \u0161est zagreba\u010dkih muzeja. Ubrzo prerasta u nacionalnu manifestaciju kojoj se svake godine pridru\u017euje sve vi\u0161e muzeja.<\/p>\n<p>U proteklih nekoliko desetlje\u0107a \u010dovje\u010danstvo do\u017eivljava brze i neo\u010dekivane promjene zapo\u010dete globalnim razvojem gospodarskih djelatnosti i informatizacijom \u0161to dovoditi do \u017eestokog stvaranja profita te doprinosi odr\u017eavanju i pobolj\u0161avanju \u017eivotnih uvjeta, ali ujedno ugro\u017eava budu\u0107nost. U takvom okru\u017eenju muzeji, arhivi, knji\u017enice i ostale neprofitne institucije usmjerene su na edukativno djelovanje na svim razinama kako bi ukazale na nezaobilaznu poziciju svoje djelatnosti u cilju o\u010duvanja \u00a0cjelokupne ba\u0161tine \u010dovje\u010danstva. Ovogodi\u0161njom temom MUZEJI SU VA\u017dNI! ukazuje se na bitnu ulogu muzejske djelatnosti koja znatno utje\u010de na ostale \u010dimbenike u okviru odr\u017eivog razvoja.<\/p>\n<p>Gradski muzej Kri\u017eevci pridru\u017eit \u0107e se i ove, kao i protekli niz godina, sudjelovanju u No\u0107i muzeja.<\/p>\n<p>Ovogodi\u0161nji program zapo\u010det \u0107emo nastupom u\u010denika Glazbene \u0161kole Alberta \u0160trige uz pratnju na klaviru prof. Gordana Bo\u017ei\u0107.<\/p>\n<p>Sredi\u0161nji program ovogodi\u0161nje manifestacije bit \u0107e promocija novog izdanja \u201eKri\u017eeva\u010dkih \u0161tatuta\u201c, najpoznatijih hrvatskih\u00a0 vinsko \u2013 pajda\u0161kih regula zapisanih u 19. stolje\u0107u na arhai\u010dnoj kajkav\u0161tini koji su 2019. godine za\u0161ti\u0107eni kao nematerijalno kulturno dobro pri Ministarstvu kulture i medija. Urednica izdanja je doc. dr. sc. Tanja Baran, po\u010dasna predsjednica Dru\u0161tva za o\u010duvanje kri\u017eeva\u010dke ba\u0161tine \u201eKri\u017eeva\u010dki \u0161tatuti\u201c i \u010dlanica Upravnog odbora Dru\u0161tva. Promocija ove vrijedne publikacije odr\u017eat \u0107e se u prostorijama Likovne galerije, a predstavit \u0107e je suizdava\u010di gradona\u010delnik grada Kri\u017eevaca Mario Rajn, Sini\u0161a Katavi\u0107, predsjednik Dru\u0161tva za o\u010duvanje kri\u017eeva\u010dke ba\u0161tine \u201eKri\u017eeva\u010dki \u0161tatuti\u201c te \u017deljko Picig direktor poduze\u0107a Prigorski Media d.o.o., urednica izdanja doc. dr. sc. Tanja Baran, ravnateljica Gradskog muzeja Kri\u017eevci Tea Hatadi, hi\u017ena mamica i Zoran Homen, hi\u017eni japica poznat po brojnim izvedbama uloga iz \u201e\u0160tatuta&#8221;.<\/p>\n<p>U Likovnoj galeriji mo\u0107i \u0107e se tako\u0111er razgledati izlo\u017eba \u201eRevizija \u017eena\u201c kojom zavr\u0161ava obilje\u017eavanje 70. godi\u0161njice Gradskog muzeja Kri\u017eevci. Autori ove izlo\u017ebe su Branko Franceschi i Tea Hatadi.<\/p>\n<p>Kao i svake godine tijekom No\u0107i muzeja za posjetitelje \u0107e biti otvoren i stalni muzejski postav.<\/p>\n<p>&nbsp;<\/p>\n<p style=\"text-align: left;\"><strong>OVOGODI\u0160NJI PROGRAM NO\u0106I MUZEJA 2023. U GRADSKOM MUZEJU KRI\u017dEVCI I LIKOVNOJ GALERIJI<\/strong><\/p>\n<p>&nbsp;<\/p>\n<p><b>NASTUP U\u010cENIKA GLAZBENE\u00a0<\/b><\/p>\n<p><b>\u0160KOLE ALBERTA \u0160TRIGE KRI\u017dEVCI<\/b><\/p>\n<p>LIKOVNA GALERIJA, TRG A. NEM\u010cI\u0106A 6\/1<\/p>\n<p><b>18.00<\/b><\/p>\n<p>D. Premrl: Mali rondo<\/p>\n<p>V. Zirdum: Put do \u0161kole &#8211; Luka Mihajlic, 2.o\u0161.<\/p>\n<p>I. Lhotka Kalinski: Dvije bagatele &#8211; Marta \u0160atvar, 2.o\u0161.<\/p>\n<p>T. Radi\u010devi\u0107: Arabeska &#8211; Marcela Kova\u010di\u0107, 5.o\u0161.<\/p>\n<p>Uz pratnju na klaviru prof. Gordana Bo\u017ei\u0107<\/p>\n<p>&nbsp;<\/p>\n<p><b>SREDI\u0160NJI DOGA\u0110AJ NO\u0106I MUZEJA<\/b><\/p>\n<p><b><a href=\"https:\/\/prigorski.hr\/intervju-tanja-baran-urednica-radio-sljemena-hrt-a-i-predsjednica-udruge-dr-stjepan-kranjcic-identitet-hrvatskoga-naroda-sazdan-je-na-krscanstvu\/\"><strong>PROMOCIJA \u201eKRI\u017dEVA\u010cKIH \u0160TATUTA\u201c\u00a0 &#8211; LIKOVNA GALERIJA, TRG A. NEM\u010cI\u0106A 6\/1 &#8211; 18.30<\/strong><\/a><\/b><\/p>\n<p>LIKOVNA GALERIJA, TRG A. NEM\u010cI\u0106A 6\/1<\/p>\n<p><b>18.30\u00a0<\/b><\/p>\n<p>Sudjeluju suizdava\u010di<\/p>\n<p><b>Mario Rajn<\/b>, gradona\u010delnik grada Kri\u017eevaca<\/p>\n<p><b>Sini\u0161a Katavi\u0107,<\/b> predsjednik<\/p>\n<p>Dru\u0161tva za o\u010duvanje kri\u017eeva\u010dke ba\u0161tine \u201eKri\u017eeva\u010dki \u0161tatuti\u201c<\/p>\n<p><b>\u017deljko Picig<\/b>, direktor poduze\u0107a<\/p>\n<p>Prigorski Media d.o.o.<\/p>\n<p>Hi\u017eni doma\u0107ini<\/p>\n<p><b>Tea Hatadi<\/b>, ravnateljica Gradskog muzeja Kri\u017eevci<\/p>\n<p><b>doc. dr. sc. Tanja Baran<\/b>, urednica izdanja<\/p>\n<p><b>Zoran Homen<\/b>, hi\u017eni japica<\/p>\n<p><img loading=\"lazy\" decoding=\"async\" class=\"alignnone wp-image-4745\" src=\"http:\/\/www.gradski-muzej-krizevci.hr\/wp-content\/uploads\/2023\/01\/320607184_1513890985788638_4047430505546992661_n-300x231.jpg\" alt=\"\" width=\"397\" height=\"306\" srcset=\"http:\/\/www.gradski-muzej-krizevci.hr\/wp-content\/uploads\/2023\/01\/320607184_1513890985788638_4047430505546992661_n-300x231.jpg 300w, http:\/\/www.gradski-muzej-krizevci.hr\/wp-content\/uploads\/2023\/01\/320607184_1513890985788638_4047430505546992661_n-768x591.jpg 768w, http:\/\/www.gradski-muzej-krizevci.hr\/wp-content\/uploads\/2023\/01\/320607184_1513890985788638_4047430505546992661_n.jpg 915w\" sizes=\"auto, (max-width: 397px) 100vw, 397px\" \/><\/p>\n<p>&nbsp;<\/p>\n<div dir=\"ltr\">\n<div dir=\"ltr\">\n<p><b><span style=\"color: #000000;\">IZLO\u017dBA \u201eREVIZIJA \u2018\u017dENA\u2019\u201c<\/span><\/b><\/p>\n<p><span style=\"color: #000000;\">LIKOVNA GALERIJA, TRG A. NEM\u010cI\u0106A 6\/1<\/span><\/p>\n<p><b><span style=\"color: #000000;\">18.00 \u2013 22.00<\/span><\/b><\/p>\n<p><span style=\"color: #000000;\">Autori izlo\u017ebe\u00a0<\/span><\/p>\n<p><span style=\"color: #000000;\"><b>Branko Franceschi<\/b> i <b>Tea Hatadi<\/b><\/span><\/p>\n<p>&nbsp;<\/p>\n<p><img loading=\"lazy\" decoding=\"async\" class=\"alignnone wp-image-4661\" src=\"http:\/\/www.gradski-muzej-krizevci.hr\/wp-content\/uploads\/2022\/12\/Revizija-zena_pozivnica-online-300x160.jpg\" alt=\"\" width=\"456\" height=\"243\" srcset=\"http:\/\/www.gradski-muzej-krizevci.hr\/wp-content\/uploads\/2022\/12\/Revizija-zena_pozivnica-online-300x160.jpg 300w, http:\/\/www.gradski-muzej-krizevci.hr\/wp-content\/uploads\/2022\/12\/Revizija-zena_pozivnica-online-1024x546.jpg 1024w, http:\/\/www.gradski-muzej-krizevci.hr\/wp-content\/uploads\/2022\/12\/Revizija-zena_pozivnica-online-768x410.jpg 768w, http:\/\/www.gradski-muzej-krizevci.hr\/wp-content\/uploads\/2022\/12\/Revizija-zena_pozivnica-online-1536x819.jpg 1536w, http:\/\/www.gradski-muzej-krizevci.hr\/wp-content\/uploads\/2022\/12\/Revizija-zena_pozivnica-online.jpg 1772w\" sizes=\"auto, (max-width: 456px) 100vw, 456px\" \/><\/p>\n<p>&nbsp;<\/p>\n<p><b><span style=\"color: #000000;\">STALNI POSTAV\u00a0<\/span><\/b><\/p>\n<p><b><span style=\"color: #000000;\">GRADSKOG MUZEJA KRI\u017dEVCI<\/span><\/b><\/p>\n<p><span style=\"color: #000000;\">T. SERMAGEA 2\u00a0<\/span><\/p>\n<p><b><span style=\"color: #000000;\">18.00 \u2013 22.00<\/span><\/b><\/p>\n<\/div>\n<p><img loading=\"lazy\" decoding=\"async\" class=\"alignnone wp-image-618\" src=\"http:\/\/www.gradski-muzej-krizevci.hr\/wp-content\/uploads\/2019\/05\/1-300x225.jpg\" alt=\"\" width=\"351\" height=\"263\" srcset=\"http:\/\/www.gradski-muzej-krizevci.hr\/wp-content\/uploads\/2019\/05\/1-300x225.jpg 300w, http:\/\/www.gradski-muzej-krizevci.hr\/wp-content\/uploads\/2019\/05\/1-768x576.jpg 768w, http:\/\/www.gradski-muzej-krizevci.hr\/wp-content\/uploads\/2019\/05\/1.jpg 1000w\" sizes=\"auto, (max-width: 351px) 100vw, 351px\" \/><\/p>\n<p><img loading=\"lazy\" decoding=\"async\" class=\"alignnone wp-image-1416\" src=\"http:\/\/www.gradski-muzej-krizevci.hr\/wp-content\/uploads\/2020\/02\/IMG_9081-300x200.jpg\" alt=\"\" width=\"257\" height=\"171\" srcset=\"http:\/\/www.gradski-muzej-krizevci.hr\/wp-content\/uploads\/2020\/02\/IMG_9081-300x200.jpg 300w, http:\/\/www.gradski-muzej-krizevci.hr\/wp-content\/uploads\/2020\/02\/IMG_9081-768x512.jpg 768w, http:\/\/www.gradski-muzej-krizevci.hr\/wp-content\/uploads\/2020\/02\/IMG_9081.jpg 1000w\" sizes=\"auto, (max-width: 257px) 100vw, 257px\" \/> <img loading=\"lazy\" decoding=\"async\" class=\"alignnone wp-image-1412\" src=\"http:\/\/www.gradski-muzej-krizevci.hr\/wp-content\/uploads\/2020\/02\/IMG_9065-300x200.jpg\" alt=\"\" width=\"259\" height=\"172\" srcset=\"http:\/\/www.gradski-muzej-krizevci.hr\/wp-content\/uploads\/2020\/02\/IMG_9065-300x200.jpg 300w, http:\/\/www.gradski-muzej-krizevci.hr\/wp-content\/uploads\/2020\/02\/IMG_9065-768x512.jpg 768w, http:\/\/www.gradski-muzej-krizevci.hr\/wp-content\/uploads\/2020\/02\/IMG_9065.jpg 1000w\" sizes=\"auto, (max-width: 259px) 100vw, 259px\" \/> <img loading=\"lazy\" decoding=\"async\" class=\"alignnone wp-image-1414\" src=\"http:\/\/www.gradski-muzej-krizevci.hr\/wp-content\/uploads\/2020\/02\/IMG_9073-300x200.jpg\" alt=\"\" width=\"257\" height=\"171\" srcset=\"http:\/\/www.gradski-muzej-krizevci.hr\/wp-content\/uploads\/2020\/02\/IMG_9073-300x200.jpg 300w, http:\/\/www.gradski-muzej-krizevci.hr\/wp-content\/uploads\/2020\/02\/IMG_9073-768x512.jpg 768w, http:\/\/www.gradski-muzej-krizevci.hr\/wp-content\/uploads\/2020\/02\/IMG_9073.jpg 1000w\" sizes=\"auto, (max-width: 257px) 100vw, 257px\" \/><\/p>\n<div dir=\"ltr\">\n<p>&nbsp;<\/p>\n<p>&nbsp;<\/p>\n<p>&nbsp;<\/p>\n<\/div>\n<\/div>\n<p>&nbsp;<\/p>\n<p>&nbsp;<\/p>\n","protected":false},"excerpt":{"rendered":"<p>U petak 27. 01. 2023. godine u muzejima diljem Hrvatske odr\u017eat \u0107e se, u organizaciji Hrvatskog muzejskog dru\u0161tva, No\u0107 muzeja. Ova manifestacija pokrenuta je u Hrvatskoj 2005. godine, a u&hellip;<\/p>\n","protected":false},"author":4,"featured_media":4767,"parent":0,"menu_order":0,"comment_status":"closed","ping_status":"closed","template":"","meta":{"_bbp_topic_count":0,"_bbp_reply_count":0,"_bbp_total_topic_count":0,"_bbp_total_reply_count":0,"_bbp_voice_count":0,"_bbp_anonymous_reply_count":0,"_bbp_topic_count_hidden":0,"_bbp_reply_count_hidden":0,"_bbp_forum_subforum_count":0,"footnotes":""},"class_list":["post-4719","page","type-page","status-publish","has-post-thumbnail","hentry"],"_links":{"self":[{"href":"http:\/\/www.gradski-muzej-krizevci.hr\/index.php?rest_route=\/wp\/v2\/pages\/4719","targetHints":{"allow":["GET"]}}],"collection":[{"href":"http:\/\/www.gradski-muzej-krizevci.hr\/index.php?rest_route=\/wp\/v2\/pages"}],"about":[{"href":"http:\/\/www.gradski-muzej-krizevci.hr\/index.php?rest_route=\/wp\/v2\/types\/page"}],"author":[{"embeddable":true,"href":"http:\/\/www.gradski-muzej-krizevci.hr\/index.php?rest_route=\/wp\/v2\/users\/4"}],"replies":[{"embeddable":true,"href":"http:\/\/www.gradski-muzej-krizevci.hr\/index.php?rest_route=%2Fwp%2Fv2%2Fcomments&post=4719"}],"version-history":[{"count":14,"href":"http:\/\/www.gradski-muzej-krizevci.hr\/index.php?rest_route=\/wp\/v2\/pages\/4719\/revisions"}],"predecessor-version":[{"id":4769,"href":"http:\/\/www.gradski-muzej-krizevci.hr\/index.php?rest_route=\/wp\/v2\/pages\/4719\/revisions\/4769"}],"wp:featuredmedia":[{"embeddable":true,"href":"http:\/\/www.gradski-muzej-krizevci.hr\/index.php?rest_route=\/wp\/v2\/media\/4767"}],"wp:attachment":[{"href":"http:\/\/www.gradski-muzej-krizevci.hr\/index.php?rest_route=%2Fwp%2Fv2%2Fmedia&parent=4719"}],"curies":[{"name":"wp","href":"https:\/\/api.w.org\/{rel}","templated":true}]}}