{"id":590,"date":"2019-05-13T13:11:23","date_gmt":"2019-05-13T12:11:23","guid":{"rendered":"http:\/\/www.gradski-muzej-krizevci.hr\/?page_id=590"},"modified":"2019-05-13T13:29:57","modified_gmt":"2019-05-13T12:29:57","slug":"izlozbe-u-2018-godini","status":"publish","type":"page","link":"http:\/\/www.gradski-muzej-krizevci.hr\/?page_id=590","title":{"rendered":"Izlo\u017ebe u 2018. godini"},"content":{"rendered":"<table style=\"border-collapse: collapse; width: 100%; height: 658px;\">\n<tbody>\n<tr style=\"height: 204px;\">\n<td style=\"width: 26.5531%; text-align: left; height: 204px;\"><img loading=\"lazy\" decoding=\"async\" class=\"alignnone size-medium wp-image-585\" src=\"http:\/\/www.gradski-muzej-krizevci.hr\/wp-content\/uploads\/2019\/05\/suma_okom_sumara-300x230.jpg\" alt=\"\" width=\"300\" height=\"230\" srcset=\"http:\/\/www.gradski-muzej-krizevci.hr\/wp-content\/uploads\/2019\/05\/suma_okom_sumara-300x230.jpg 300w, http:\/\/www.gradski-muzej-krizevci.hr\/wp-content\/uploads\/2019\/05\/suma_okom_sumara-768x590.jpg 768w, http:\/\/www.gradski-muzej-krizevci.hr\/wp-content\/uploads\/2019\/05\/suma_okom_sumara.jpg 1000w\" sizes=\"auto, (max-width: 300px) 100vw, 300px\" \/><\/td>\n<td style=\"width: 73.4469%; height: 204px;\">\n<p style=\"text-align: left;\"><strong>\u0160UMA OKOM \u0160UMARA<\/strong><\/p>\n<p>13. BJELOVARSKI SALON FOTOGRAFIJE<\/p>\n<p>Likovna galerija Gradskog muzeja Kri\u017eevci, 09. &#8211; 24. velja\u010de 2018.<\/td>\n<\/tr>\n<tr style=\"height: 270px;\">\n<td style=\"width: 26.5531%; height: 270px;\"><img loading=\"lazy\" decoding=\"async\" class=\"alignnone size-medium wp-image-580\" src=\"http:\/\/www.gradski-muzej-krizevci.hr\/wp-content\/uploads\/2019\/05\/nada_dombaj-294x300.jpg\" alt=\"\" width=\"294\" height=\"300\" srcset=\"http:\/\/www.gradski-muzej-krizevci.hr\/wp-content\/uploads\/2019\/05\/nada_dombaj-294x300.jpg 294w, http:\/\/www.gradski-muzej-krizevci.hr\/wp-content\/uploads\/2019\/05\/nada_dombaj-768x784.jpg 768w, http:\/\/www.gradski-muzej-krizevci.hr\/wp-content\/uploads\/2019\/05\/nada_dombaj-60x60.jpg 60w, http:\/\/www.gradski-muzej-krizevci.hr\/wp-content\/uploads\/2019\/05\/nada_dombaj.jpg 980w\" sizes=\"auto, (max-width: 294px) 100vw, 294px\" \/><\/td>\n<td style=\"width: 73.4469%; height: 270px;\"><strong>NADA DOMBAJ: SVAKI DAN JE NOVI DAN<\/strong><\/p>\n<p>Likovna galerija Gradskog muzeja Kri\u017eevci, 16. o\u017eujka &#8211; 05. travnja 2018.<\/td>\n<\/tr>\n<tr style=\"height: 23px;\">\n<td style=\"width: 26.5531%; height: 23px;\"><img loading=\"lazy\" decoding=\"async\" class=\"alignnone size-medium wp-image-584\" src=\"http:\/\/www.gradski-muzej-krizevci.hr\/wp-content\/uploads\/2019\/05\/staro_novo-206x300.jpg\" alt=\"\" width=\"206\" height=\"300\" srcset=\"http:\/\/www.gradski-muzej-krizevci.hr\/wp-content\/uploads\/2019\/05\/staro_novo-206x300.jpg 206w, http:\/\/www.gradski-muzej-krizevci.hr\/wp-content\/uploads\/2019\/05\/staro_novo.jpg 686w\" sizes=\"auto, (max-width: 206px) 100vw, 206px\" \/><\/td>\n<td style=\"width: 73.4469%; height: 23px;\"><strong>NE\u0160TO STARO, NE\u0160TO NOVO<\/strong><\/p>\n<p>Izlo\u017eba fotografija povodom obilje\u017eavanja Dana grada<\/p>\n<p>13. &#8211; 18. travnja 2018.<\/td>\n<\/tr>\n<tr style=\"height: 23px;\">\n<td style=\"width: 26.5531%; height: 23px;\"><img loading=\"lazy\" decoding=\"async\" class=\"alignnone size-medium wp-image-586\" src=\"http:\/\/www.gradski-muzej-krizevci.hr\/wp-content\/uploads\/2019\/05\/sveci_blazenici_x-300x300.jpg\" alt=\"\" width=\"300\" height=\"300\" srcset=\"http:\/\/www.gradski-muzej-krizevci.hr\/wp-content\/uploads\/2019\/05\/sveci_blazenici_x-300x300.jpg 300w, http:\/\/www.gradski-muzej-krizevci.hr\/wp-content\/uploads\/2019\/05\/sveci_blazenici_x-150x150.jpg 150w, http:\/\/www.gradski-muzej-krizevci.hr\/wp-content\/uploads\/2019\/05\/sveci_blazenici_x-768x769.jpg 768w, http:\/\/www.gradski-muzej-krizevci.hr\/wp-content\/uploads\/2019\/05\/sveci_blazenici_x-60x60.jpg 60w, http:\/\/www.gradski-muzej-krizevci.hr\/wp-content\/uploads\/2019\/05\/sveci_blazenici_x.jpg 999w\" sizes=\"auto, (max-width: 300px) 100vw, 300px\" \/><\/td>\n<td style=\"width: 73.4469%; height: 23px;\"><strong>HRVATSKI SVECI I BLA\u017dENICI U NA\u0160EM NARODU &#8211; RETROSPEKTIVA<\/strong><\/p>\n<p>Likovna galerija Gradskog muzeja Kri\u017eevci, 24. svibnja &#8211; 10. lipnja 2018.<\/td>\n<\/tr>\n<tr style=\"height: 23px;\">\n<td style=\"width: 26.5531%; height: 23px;\"><img loading=\"lazy\" decoding=\"async\" class=\"alignnone size-medium wp-image-583\" src=\"http:\/\/www.gradski-muzej-krizevci.hr\/wp-content\/uploads\/2019\/05\/spravisce-201x300.jpg\" alt=\"\" width=\"201\" height=\"300\" srcset=\"http:\/\/www.gradski-muzej-krizevci.hr\/wp-content\/uploads\/2019\/05\/spravisce-201x300.jpg 201w, http:\/\/www.gradski-muzej-krizevci.hr\/wp-content\/uploads\/2019\/05\/spravisce.jpg 670w\" sizes=\"auto, (max-width: 201px) 100vw, 201px\" \/><\/td>\n<td style=\"width: 73.4469%; height: 23px;\"><strong>PET DESETLJE\u0106A KRI\u017dEVA\u010cKOG VELIKOG SPRAVI\u0160\u010cA<\/strong><\/p>\n<p>Likovna galerija Gradskog muzeja Kri\u017eevci, 15. &#8211; 17. lipnja 2018.<\/p>\n<p>Autori: Damjan Abou Aldan i Nikola Ostoj\u010di\u0107<\/td>\n<\/tr>\n<tr style=\"height: 23px;\">\n<td style=\"width: 26.5531%; height: 23px;\"><img loading=\"lazy\" decoding=\"async\" class=\"alignnone size-medium wp-image-579\" src=\"http:\/\/www.gradski-muzej-krizevci.hr\/wp-content\/uploads\/2019\/05\/mentalni_procesi-298x300.jpg\" alt=\"\" width=\"298\" height=\"300\" srcset=\"http:\/\/www.gradski-muzej-krizevci.hr\/wp-content\/uploads\/2019\/05\/mentalni_procesi-298x300.jpg 298w, http:\/\/www.gradski-muzej-krizevci.hr\/wp-content\/uploads\/2019\/05\/mentalni_procesi-150x150.jpg 150w, http:\/\/www.gradski-muzej-krizevci.hr\/wp-content\/uploads\/2019\/05\/mentalni_procesi-768x774.jpg 768w, http:\/\/www.gradski-muzej-krizevci.hr\/wp-content\/uploads\/2019\/05\/mentalni_procesi-60x60.jpg 60w, http:\/\/www.gradski-muzej-krizevci.hr\/wp-content\/uploads\/2019\/05\/mentalni_procesi.jpg 992w\" sizes=\"auto, (max-width: 298px) 100vw, 298px\" \/><\/td>\n<td style=\"width: 73.4469%; height: 23px;\">SKUPNA IZLO\u017dBA SUVREMENOG NAKITA<\/p>\n<p><strong>ME(N)TALNI PROCESI<\/strong><\/p>\n<p>Likovna galerija Gradskog muzeja Kri\u017eevci, 20. lipnja &#8211; 07. srpnja 2018.<\/td>\n<\/tr>\n<tr style=\"height: 23px;\">\n<td style=\"width: 26.5531%; height: 23px;\"><img loading=\"lazy\" decoding=\"async\" class=\"alignnone size-medium wp-image-582\" src=\"http:\/\/www.gradski-muzej-krizevci.hr\/wp-content\/uploads\/2019\/05\/poljana_krizevacka-209x300.jpg\" alt=\"\" width=\"209\" height=\"300\" srcset=\"http:\/\/www.gradski-muzej-krizevci.hr\/wp-content\/uploads\/2019\/05\/poljana_krizevacka-209x300.jpg 209w, http:\/\/www.gradski-muzej-krizevci.hr\/wp-content\/uploads\/2019\/05\/poljana_krizevacka.jpg 697w\" sizes=\"auto, (max-width: 209px) 100vw, 209px\" \/><\/td>\n<td style=\"width: 73.4469%; height: 23px;\"><strong>POLJANA KRI\u017dEVA\u010cKA 1 i 2<\/strong><\/p>\n<p>NOVIJE SPOZNAJE O PRO\u0160LOSTI KRI\u017dEVA\u010cKE OKOLICE<\/p>\n<p>Likovna galerija Gradskog muzeja Kri\u017eevci, 05. &#8211; 22. rujna 2018.<\/td>\n<\/tr>\n<tr style=\"height: 23px;\">\n<td style=\"width: 26.5531%; height: 23px;\"><img loading=\"lazy\" decoding=\"async\" class=\"alignnone size-medium wp-image-577\" src=\"http:\/\/www.gradski-muzej-krizevci.hr\/wp-content\/uploads\/2019\/05\/franjo_hoti-208x300.jpg\" alt=\"\" width=\"208\" height=\"300\" srcset=\"http:\/\/www.gradski-muzej-krizevci.hr\/wp-content\/uploads\/2019\/05\/franjo_hoti-208x300.jpg 208w, http:\/\/www.gradski-muzej-krizevci.hr\/wp-content\/uploads\/2019\/05\/franjo_hoti.jpg 692w\" sizes=\"auto, (max-width: 208px) 100vw, 208px\" \/><\/td>\n<td style=\"width: 73.4469%; height: 23px;\"><strong>FRANJO HOTI: RADOVI IZ MAPA<\/strong><\/p>\n<p>Likovna galerija Gradskog muzeja Kri\u017eevci, 27. rujna &#8211; 13. listopada 2018.<\/td>\n<\/tr>\n<tr style=\"height: 23px;\">\n<td style=\"width: 26.5531%; height: 23px;\"><img loading=\"lazy\" decoding=\"async\" class=\"alignnone size-medium wp-image-588\" src=\"http:\/\/www.gradski-muzej-krizevci.hr\/wp-content\/uploads\/2019\/05\/veliki_rat-209x300.jpg\" alt=\"\" width=\"209\" height=\"300\" srcset=\"http:\/\/www.gradski-muzej-krizevci.hr\/wp-content\/uploads\/2019\/05\/veliki_rat-209x300.jpg 209w, http:\/\/www.gradski-muzej-krizevci.hr\/wp-content\/uploads\/2019\/05\/veliki_rat.jpg 697w\" sizes=\"auto, (max-width: 209px) 100vw, 209px\" \/><\/td>\n<td style=\"width: 73.4469%; height: 23px;\"><strong>KRI\u017dEVCI U VELIKOM RATU<\/strong><\/p>\n<p>Izlo\u017eba povodom obilje\u017eavanja 100. godi\u0161njice Prvoga svjetskog rata<\/p>\n<p>Likovna galerija Gradskog muzeja Kri\u017eevci, 18. listopada &#8211; 10. studenog 2018.<\/td>\n<\/tr>\n<tr style=\"height: 23px;\">\n<td style=\"width: 26.5531%; height: 23px;\"><\/td>\n<td style=\"width: 73.4469%; height: 23px;\"><\/td>\n<\/tr>\n<\/tbody>\n<\/table>\n","protected":false},"excerpt":{"rendered":"<p>\u0160UMA OKOM \u0160UMARA 13. BJELOVARSKI SALON FOTOGRAFIJE Likovna galerija Gradskog muzeja Kri\u017eevci, 09. &#8211; 24. velja\u010de 2018. NADA DOMBAJ: SVAKI DAN JE NOVI DAN Likovna galerija Gradskog muzeja Kri\u017eevci, 16.&hellip;<\/p>\n","protected":false},"author":2,"featured_media":0,"parent":0,"menu_order":0,"comment_status":"closed","ping_status":"closed","template":"","meta":{"_bbp_topic_count":0,"_bbp_reply_count":0,"_bbp_total_topic_count":0,"_bbp_total_reply_count":0,"_bbp_voice_count":0,"_bbp_anonymous_reply_count":0,"_bbp_topic_count_hidden":0,"_bbp_reply_count_hidden":0,"_bbp_forum_subforum_count":0,"footnotes":""},"class_list":["post-590","page","type-page","status-publish","hentry"],"_links":{"self":[{"href":"http:\/\/www.gradski-muzej-krizevci.hr\/index.php?rest_route=\/wp\/v2\/pages\/590","targetHints":{"allow":["GET"]}}],"collection":[{"href":"http:\/\/www.gradski-muzej-krizevci.hr\/index.php?rest_route=\/wp\/v2\/pages"}],"about":[{"href":"http:\/\/www.gradski-muzej-krizevci.hr\/index.php?rest_route=\/wp\/v2\/types\/page"}],"author":[{"embeddable":true,"href":"http:\/\/www.gradski-muzej-krizevci.hr\/index.php?rest_route=\/wp\/v2\/users\/2"}],"replies":[{"embeddable":true,"href":"http:\/\/www.gradski-muzej-krizevci.hr\/index.php?rest_route=%2Fwp%2Fv2%2Fcomments&post=590"}],"version-history":[{"count":3,"href":"http:\/\/www.gradski-muzej-krizevci.hr\/index.php?rest_route=\/wp\/v2\/pages\/590\/revisions"}],"predecessor-version":[{"id":600,"href":"http:\/\/www.gradski-muzej-krizevci.hr\/index.php?rest_route=\/wp\/v2\/pages\/590\/revisions\/600"}],"wp:attachment":[{"href":"http:\/\/www.gradski-muzej-krizevci.hr\/index.php?rest_route=%2Fwp%2Fv2%2Fmedia&parent=590"}],"curies":[{"name":"wp","href":"https:\/\/api.w.org\/{rel}","templated":true}]}}