{"id":157,"date":"2016-10-18T13:15:44","date_gmt":"2016-10-18T12:15:44","guid":{"rendered":"http:\/\/www.gradski-muzej-krizevci.hr\/?page_id=157"},"modified":"2017-04-12T09:08:38","modified_gmt":"2017-04-12T08:08:38","slug":"zbirka-razglednica","status":"publish","type":"page","link":"https:\/\/www.gradski-muzej-krizevci.hr\/?page_id=157","title":{"rendered":"Zbirka razglednica"},"content":{"rendered":"<p>Zbirka razglednica obuhva\u0107a razglednice grada Kri\u017eevaca i potkalni\u010dkog kraja. Ve\u0107inu zbirke \u010dine razglednice grada Kri\u017eevaca i njegovi motivi: grkokatoli\u010dka katedrala i biskupski dvor, crkva sv. Kri\u017ea, \u017eupna crkva sv. Ane, zgrade Gospodarskog u\u010dili\u0161ta, Zakmardijeve ulice, Strossmayerovog i Nem\u010di\u0107evog trga itd.<br \/>\nU zbirci se nalazi oko 25 razglednica uskr\u0161njih motiva, koji su neizravni izvor o uskr\u0161njim obi\u010dajima Kri\u017eevaca i okolice. Zna\u010dajan dio zbirke \u010dine razglednice Hrvatskog sokola iz Kri\u017eevaca. Kako je kri\u017eeva\u010dki ogranak Sokola osnovan jo\u0161 po\u010detkom 20. st., gradsko Sokolsko dru\u0161tvo je izdalo brojne razglednice s motivima sokola\u0161a, ali u zbirci su i razglednice sa sokolskih sletova odr\u017eanih u drugima gradovima (Zagreb, Prag), na kojima su nastupali kri\u017eeva\u010dki sokola\u0161i.<\/p>\n<p><div id='gallery-1' class='gallery galleryid-157 gallery-columns-6 gallery-size-thumbnail'><figure class='gallery-item'>\n\t\t\t<div class='gallery-icon landscape'>\n\t\t\t\t<a title=\"razglednice2\" href='https:\/\/www.gradski-muzej-krizevci.hr\/wp-content\/uploads\/2017\/04\/razglednice2.jpg'><img loading=\"lazy\" decoding=\"async\" width=\"150\" height=\"150\" src=\"https:\/\/www.gradski-muzej-krizevci.hr\/wp-content\/uploads\/2017\/04\/razglednice2-150x150.jpg\" class=\"attachment-thumbnail size-thumbnail\" alt=\"\" srcset=\"https:\/\/www.gradski-muzej-krizevci.hr\/wp-content\/uploads\/2017\/04\/razglednice2-150x150.jpg 150w, https:\/\/www.gradski-muzej-krizevci.hr\/wp-content\/uploads\/2017\/04\/razglednice2-60x60.jpg 60w\" sizes=\"auto, (max-width: 150px) 100vw, 150px\" \/><\/a>\n\t\t\t<\/div><\/figure><figure class='gallery-item'>\n\t\t\t<div class='gallery-icon landscape'>\n\t\t\t\t<a title=\"razglednice1\" href='https:\/\/www.gradski-muzej-krizevci.hr\/wp-content\/uploads\/2017\/04\/razglednice1.jpg'><img loading=\"lazy\" decoding=\"async\" width=\"150\" height=\"150\" src=\"https:\/\/www.gradski-muzej-krizevci.hr\/wp-content\/uploads\/2017\/04\/razglednice1-150x150.jpg\" class=\"attachment-thumbnail size-thumbnail\" alt=\"\" srcset=\"https:\/\/www.gradski-muzej-krizevci.hr\/wp-content\/uploads\/2017\/04\/razglednice1-150x150.jpg 150w, https:\/\/www.gradski-muzej-krizevci.hr\/wp-content\/uploads\/2017\/04\/razglednice1-60x60.jpg 60w\" sizes=\"auto, (max-width: 150px) 100vw, 150px\" \/><\/a>\n\t\t\t<\/div><\/figure><figure class='gallery-item'>\n\t\t\t<div class='gallery-icon landscape'>\n\t\t\t\t<a title=\"GRADSKI MUZEJ KRI\u017dEVCI\" href='https:\/\/www.gradski-muzej-krizevci.hr\/wp-content\/uploads\/2017\/04\/razglednice12.jpg'><img loading=\"lazy\" decoding=\"async\" width=\"150\" height=\"150\" src=\"https:\/\/www.gradski-muzej-krizevci.hr\/wp-content\/uploads\/2017\/04\/razglednice12-150x150.jpg\" class=\"attachment-thumbnail size-thumbnail\" alt=\"\" srcset=\"https:\/\/www.gradski-muzej-krizevci.hr\/wp-content\/uploads\/2017\/04\/razglednice12-150x150.jpg 150w, https:\/\/www.gradski-muzej-krizevci.hr\/wp-content\/uploads\/2017\/04\/razglednice12-60x60.jpg 60w\" sizes=\"auto, (max-width: 150px) 100vw, 150px\" \/><\/a>\n\t\t\t<\/div><\/figure><figure class='gallery-item'>\n\t\t\t<div class='gallery-icon landscape'>\n\t\t\t\t<a title=\"GRADSKI MUZEJ KRI\u017dEVCI\" href='https:\/\/www.gradski-muzej-krizevci.hr\/wp-content\/uploads\/2017\/04\/razglednice11.jpg'><img loading=\"lazy\" decoding=\"async\" width=\"150\" height=\"150\" src=\"https:\/\/www.gradski-muzej-krizevci.hr\/wp-content\/uploads\/2017\/04\/razglednice11-150x150.jpg\" class=\"attachment-thumbnail size-thumbnail\" alt=\"\" srcset=\"https:\/\/www.gradski-muzej-krizevci.hr\/wp-content\/uploads\/2017\/04\/razglednice11-150x150.jpg 150w, https:\/\/www.gradski-muzej-krizevci.hr\/wp-content\/uploads\/2017\/04\/razglednice11-60x60.jpg 60w\" sizes=\"auto, (max-width: 150px) 100vw, 150px\" \/><\/a>\n\t\t\t<\/div><\/figure><figure class='gallery-item'>\n\t\t\t<div class='gallery-icon landscape'>\n\t\t\t\t<a title=\"razglednice10\" href='https:\/\/www.gradski-muzej-krizevci.hr\/wp-content\/uploads\/2017\/04\/razglednice10.jpg'><img loading=\"lazy\" decoding=\"async\" width=\"150\" height=\"150\" src=\"https:\/\/www.gradski-muzej-krizevci.hr\/wp-content\/uploads\/2017\/04\/razglednice10-150x150.jpg\" class=\"attachment-thumbnail size-thumbnail\" alt=\"\" srcset=\"https:\/\/www.gradski-muzej-krizevci.hr\/wp-content\/uploads\/2017\/04\/razglednice10-150x150.jpg 150w, https:\/\/www.gradski-muzej-krizevci.hr\/wp-content\/uploads\/2017\/04\/razglednice10-60x60.jpg 60w\" sizes=\"auto, (max-width: 150px) 100vw, 150px\" \/><\/a>\n\t\t\t<\/div><\/figure><figure class='gallery-item'>\n\t\t\t<div class='gallery-icon landscape'>\n\t\t\t\t<a title=\"GRADSKI MUZEJ KRI\u017dEVCI\" href='https:\/\/www.gradski-muzej-krizevci.hr\/wp-content\/uploads\/2017\/04\/razglednice9.jpg'><img loading=\"lazy\" decoding=\"async\" width=\"150\" height=\"150\" src=\"https:\/\/www.gradski-muzej-krizevci.hr\/wp-content\/uploads\/2017\/04\/razglednice9-150x150.jpg\" class=\"attachment-thumbnail size-thumbnail\" alt=\"\" srcset=\"https:\/\/www.gradski-muzej-krizevci.hr\/wp-content\/uploads\/2017\/04\/razglednice9-150x150.jpg 150w, https:\/\/www.gradski-muzej-krizevci.hr\/wp-content\/uploads\/2017\/04\/razglednice9-60x60.jpg 60w\" sizes=\"auto, (max-width: 150px) 100vw, 150px\" \/><\/a>\n\t\t\t<\/div><\/figure><figure class='gallery-item'>\n\t\t\t<div class='gallery-icon landscape'>\n\t\t\t\t<a title=\"razglednice8\" href='https:\/\/www.gradski-muzej-krizevci.hr\/wp-content\/uploads\/2017\/04\/razglednice8.jpg'><img loading=\"lazy\" decoding=\"async\" width=\"150\" height=\"150\" src=\"https:\/\/www.gradski-muzej-krizevci.hr\/wp-content\/uploads\/2017\/04\/razglednice8-150x150.jpg\" class=\"attachment-thumbnail size-thumbnail\" alt=\"\" srcset=\"https:\/\/www.gradski-muzej-krizevci.hr\/wp-content\/uploads\/2017\/04\/razglednice8-150x150.jpg 150w, https:\/\/www.gradski-muzej-krizevci.hr\/wp-content\/uploads\/2017\/04\/razglednice8-60x60.jpg 60w\" sizes=\"auto, (max-width: 150px) 100vw, 150px\" \/><\/a>\n\t\t\t<\/div><\/figure><figure class='gallery-item'>\n\t\t\t<div class='gallery-icon landscape'>\n\t\t\t\t<a title=\"razglednice7\" href='https:\/\/www.gradski-muzej-krizevci.hr\/wp-content\/uploads\/2017\/04\/razglednice7.jpg'><img loading=\"lazy\" decoding=\"async\" width=\"150\" height=\"150\" src=\"https:\/\/www.gradski-muzej-krizevci.hr\/wp-content\/uploads\/2017\/04\/razglednice7-150x150.jpg\" class=\"attachment-thumbnail size-thumbnail\" alt=\"\" srcset=\"https:\/\/www.gradski-muzej-krizevci.hr\/wp-content\/uploads\/2017\/04\/razglednice7-150x150.jpg 150w, https:\/\/www.gradski-muzej-krizevci.hr\/wp-content\/uploads\/2017\/04\/razglednice7-60x60.jpg 60w\" sizes=\"auto, (max-width: 150px) 100vw, 150px\" \/><\/a>\n\t\t\t<\/div><\/figure><figure class='gallery-item'>\n\t\t\t<div class='gallery-icon landscape'>\n\t\t\t\t<a title=\"razglednice6\" href='https:\/\/www.gradski-muzej-krizevci.hr\/wp-content\/uploads\/2017\/04\/razglednice6.jpg'><img loading=\"lazy\" decoding=\"async\" width=\"150\" height=\"150\" src=\"https:\/\/www.gradski-muzej-krizevci.hr\/wp-content\/uploads\/2017\/04\/razglednice6-150x150.jpg\" class=\"attachment-thumbnail size-thumbnail\" alt=\"\" srcset=\"https:\/\/www.gradski-muzej-krizevci.hr\/wp-content\/uploads\/2017\/04\/razglednice6-150x150.jpg 150w, https:\/\/www.gradski-muzej-krizevci.hr\/wp-content\/uploads\/2017\/04\/razglednice6-60x60.jpg 60w\" sizes=\"auto, (max-width: 150px) 100vw, 150px\" \/><\/a>\n\t\t\t<\/div><\/figure><figure class='gallery-item'>\n\t\t\t<div class='gallery-icon landscape'>\n\t\t\t\t<a title=\"razglednice5\" href='https:\/\/www.gradski-muzej-krizevci.hr\/wp-content\/uploads\/2017\/04\/razglednice5.jpg'><img loading=\"lazy\" decoding=\"async\" width=\"150\" height=\"150\" src=\"https:\/\/www.gradski-muzej-krizevci.hr\/wp-content\/uploads\/2017\/04\/razglednice5-150x150.jpg\" class=\"attachment-thumbnail size-thumbnail\" alt=\"\" srcset=\"https:\/\/www.gradski-muzej-krizevci.hr\/wp-content\/uploads\/2017\/04\/razglednice5-150x150.jpg 150w, https:\/\/www.gradski-muzej-krizevci.hr\/wp-content\/uploads\/2017\/04\/razglednice5-60x60.jpg 60w\" sizes=\"auto, (max-width: 150px) 100vw, 150px\" \/><\/a>\n\t\t\t<\/div><\/figure><figure class='gallery-item'>\n\t\t\t<div class='gallery-icon landscape'>\n\t\t\t\t<a title=\"GRADSKI MUZEJ KRI\u017dEVCI\" href='https:\/\/www.gradski-muzej-krizevci.hr\/wp-content\/uploads\/2017\/04\/razglednice4.jpg'><img loading=\"lazy\" decoding=\"async\" width=\"150\" height=\"150\" src=\"https:\/\/www.gradski-muzej-krizevci.hr\/wp-content\/uploads\/2017\/04\/razglednice4-150x150.jpg\" class=\"attachment-thumbnail size-thumbnail\" alt=\"\" srcset=\"https:\/\/www.gradski-muzej-krizevci.hr\/wp-content\/uploads\/2017\/04\/razglednice4-150x150.jpg 150w, https:\/\/www.gradski-muzej-krizevci.hr\/wp-content\/uploads\/2017\/04\/razglednice4-60x60.jpg 60w\" sizes=\"auto, (max-width: 150px) 100vw, 150px\" \/><\/a>\n\t\t\t<\/div><\/figure><figure class='gallery-item'>\n\t\t\t<div class='gallery-icon landscape'>\n\t\t\t\t<a title=\"razglednice3\" href='https:\/\/www.gradski-muzej-krizevci.hr\/wp-content\/uploads\/2017\/04\/razglednice3.jpg'><img loading=\"lazy\" decoding=\"async\" width=\"150\" height=\"150\" src=\"https:\/\/www.gradski-muzej-krizevci.hr\/wp-content\/uploads\/2017\/04\/razglednice3-150x150.jpg\" class=\"attachment-thumbnail size-thumbnail\" alt=\"\" srcset=\"https:\/\/www.gradski-muzej-krizevci.hr\/wp-content\/uploads\/2017\/04\/razglednice3-150x150.jpg 150w, https:\/\/www.gradski-muzej-krizevci.hr\/wp-content\/uploads\/2017\/04\/razglednice3-60x60.jpg 60w\" sizes=\"auto, (max-width: 150px) 100vw, 150px\" \/><\/a>\n\t\t\t<\/div><\/figure>\n\t\t<\/div>\n<br \/>\nOsim razglednica grada Kri\u017eevaca, zbirka obuhva\u0107a razglednice Sv. Ivana \u017dabna, Kri\u017eeva\u010dke Poljane, Sv. Petra Orehovca, Gornje Rijeke, Kolarca, Malog Kalnika te mno\u0161tvo razglednica Kalnika, gdje dominiraju motivi Starog grada Kalnik i Planinarskog doma.<br \/>\nZna\u010daj Zbirke razglednica proizlazi iz \u010dinjenice \u0161to su starije razglednice, naro\u010dito one s kraja 19. i prve polovice 20. st., \u010desto jedini fotografski izvor za poznavanje pro\u0161losti grada. Nerijetko se upravo iz starih razglednica mo\u017ee vidjeti kako su izgledali pojedini sakralni objekti ili drugi objekti kulturne ba\u0161tine u Kri\u017eevcima. Razglednice su \u010desto jedini izvor na kojemu se posljednje desetlje\u0107e temeljila obnova grada Kri\u017eevaca. Tako\u0111er, na razglednicama su dokumentirani i neki objekti kojih danas u gradu vi\u0161e nema, poput zgrade nekada\u0161nje Narodne \u010ditaonice, jedne od prvih u Hrvatskoj, na \u010dijem mjestu je pred po\u010detak Prvoga svjetskog rata sagra\u0111ena zgrada dana\u0161njeg Hrvatskog doma; zatim, na razglednicama su zabilje\u017eene promjene u nazivima ulica, iz njih se mogu i\u0161\u010ditati nazivi raznih trgova\u010dkih ili ugostiteljskih radnji u gradu itd. Kao \u0161to se starije razglednice koriste prilikom rekonstrukcije slike Kri\u017eevaca iz prve polovine 20. st., tako \u0107e razglednice Kri\u017eevaca iz druge polovine 20. st. uskoro postati nezaobilazan materijal koji prikazuje urbanisti\u010dki razvoj grada u vremenu kada su one objavljivane, jer su nerijetko razglednice bile prve koje su dokumentirale izgradnju novih dijelova grada (Neboder, robna ku\u0107a, nova zgrada Po\u0161te, zgrada Elektre itd.) i njegovu promjenu.<\/p>\n<p>Zbirka je od 2011. godine za\u0161ti\u0107ena kao kulturno dobro Republike Hrvatske.<\/p>\n<p>Voditelj: Ozren Blagec, vi\u0161i kustos<\/p>\n","protected":false},"excerpt":{"rendered":"<p>Zbirka razglednica obuhva\u0107a razglednice grada Kri\u017eevaca i potkalni\u010dkog kraja. Ve\u0107inu zbirke \u010dine razglednice grada Kri\u017eevaca i njegovi motivi: grkokatoli\u010dka katedrala i biskupski dvor, crkva sv. Kri\u017ea, \u017eupna crkva sv. Ane,&hellip;<\/p>\n","protected":false},"author":2,"featured_media":0,"parent":100,"menu_order":0,"comment_status":"closed","ping_status":"closed","template":"","meta":{"_bbp_topic_count":0,"_bbp_reply_count":0,"_bbp_total_topic_count":0,"_bbp_total_reply_count":0,"_bbp_voice_count":0,"_bbp_anonymous_reply_count":0,"_bbp_topic_count_hidden":0,"_bbp_reply_count_hidden":0,"_bbp_forum_subforum_count":0,"footnotes":""},"class_list":["post-157","page","type-page","status-publish","hentry"],"_links":{"self":[{"href":"https:\/\/www.gradski-muzej-krizevci.hr\/index.php?rest_route=\/wp\/v2\/pages\/157","targetHints":{"allow":["GET"]}}],"collection":[{"href":"https:\/\/www.gradski-muzej-krizevci.hr\/index.php?rest_route=\/wp\/v2\/pages"}],"about":[{"href":"https:\/\/www.gradski-muzej-krizevci.hr\/index.php?rest_route=\/wp\/v2\/types\/page"}],"author":[{"embeddable":true,"href":"https:\/\/www.gradski-muzej-krizevci.hr\/index.php?rest_route=\/wp\/v2\/users\/2"}],"replies":[{"embeddable":true,"href":"https:\/\/www.gradski-muzej-krizevci.hr\/index.php?rest_route=%2Fwp%2Fv2%2Fcomments&post=157"}],"version-history":[{"count":5,"href":"https:\/\/www.gradski-muzej-krizevci.hr\/index.php?rest_route=\/wp\/v2\/pages\/157\/revisions"}],"predecessor-version":[{"id":382,"href":"https:\/\/www.gradski-muzej-krizevci.hr\/index.php?rest_route=\/wp\/v2\/pages\/157\/revisions\/382"}],"up":[{"embeddable":true,"href":"https:\/\/www.gradski-muzej-krizevci.hr\/index.php?rest_route=\/wp\/v2\/pages\/100"}],"wp:attachment":[{"href":"https:\/\/www.gradski-muzej-krizevci.hr\/index.php?rest_route=%2Fwp%2Fv2%2Fmedia&parent=157"}],"curies":[{"name":"wp","href":"https:\/\/api.w.org\/{rel}","templated":true}]}}