{"id":1646,"date":"2020-04-23T08:54:26","date_gmt":"2020-04-23T07:54:26","guid":{"rendered":"http:\/\/www.gradski-muzej-krizevci.hr\/?page_id=1646"},"modified":"2025-01-31T13:24:35","modified_gmt":"2025-01-31T12:24:35","slug":"virtualne-izlozbe","status":"publish","type":"page","link":"https:\/\/www.gradski-muzej-krizevci.hr\/?page_id=1646","title":{"rendered":"VIRTUALNE IZLO\u017dBE"},"content":{"rendered":"<p><a href=\"http:\/\/www.gradski-muzej-krizevci.hr\/?page_id=1652\">DRAGUTIN RENARI\u0106 &#8211; KRI\u017dEVA\u010cKE VIZURE<\/a><\/p>\n<p><a href=\"http:\/\/www.gradski-muzej-krizevci.hr\/?page_id=1655&amp;preview=true\">IZLET NA KALNIK<\/a><\/p>\n<p><a href=\"http:\/\/www.gradski-muzej-krizevci.hr\/?page_id=1740\">PRAPOVIJESNE FIGURINE<\/a><\/p>\n<p><a href=\"http:\/\/www.gradski-muzej-krizevci.hr\/?page_id=1743\">I JA #CRTAMDOMA<\/a><\/p>\n<p><a href=\"http:\/\/www.gradski-muzej-krizevci.hr\/?page_id=6234\">KOMPLEKS GRKOKATOLI\u010cKE KATEDRALE SVETOG TROJSTVA I BISKUPIJSKOG DVORA NA RAZGLEDNICAMA IZ FUNDUSA GRADSKOG MUZEJA KRI\u017dEVCI<\/a><\/p>\n","protected":false},"excerpt":{"rendered":"<p>DRAGUTIN RENARI\u0106 &#8211; KRI\u017dEVA\u010cKE VIZURE IZLET NA KALNIK PRAPOVIJESNE FIGURINE I JA #CRTAMDOMA KOMPLEKS GRKOKATOLI\u010cKE KATEDRALE SVETOG TROJSTVA I BISKUPIJSKOG DVORA NA RAZGLEDNICAMA IZ FUNDUSA GRADSKOG MUZEJA KRI\u017dEVCI<\/p>\n","protected":false},"author":2,"featured_media":0,"parent":0,"menu_order":0,"comment_status":"closed","ping_status":"closed","template":"","meta":{"_bbp_topic_count":0,"_bbp_reply_count":0,"_bbp_total_topic_count":0,"_bbp_total_reply_count":0,"_bbp_voice_count":0,"_bbp_anonymous_reply_count":0,"_bbp_topic_count_hidden":0,"_bbp_reply_count_hidden":0,"_bbp_forum_subforum_count":0,"footnotes":""},"class_list":["post-1646","page","type-page","status-publish","hentry"],"_links":{"self":[{"href":"https:\/\/www.gradski-muzej-krizevci.hr\/index.php?rest_route=\/wp\/v2\/pages\/1646","targetHints":{"allow":["GET"]}}],"collection":[{"href":"https:\/\/www.gradski-muzej-krizevci.hr\/index.php?rest_route=\/wp\/v2\/pages"}],"about":[{"href":"https:\/\/www.gradski-muzej-krizevci.hr\/index.php?rest_route=\/wp\/v2\/types\/page"}],"author":[{"embeddable":true,"href":"https:\/\/www.gradski-muzej-krizevci.hr\/index.php?rest_route=\/wp\/v2\/users\/2"}],"replies":[{"embeddable":true,"href":"https:\/\/www.gradski-muzej-krizevci.hr\/index.php?rest_route=%2Fwp%2Fv2%2Fcomments&post=1646"}],"version-history":[{"count":8,"href":"https:\/\/www.gradski-muzej-krizevci.hr\/index.php?rest_route=\/wp\/v2\/pages\/1646\/revisions"}],"predecessor-version":[{"id":6323,"href":"https:\/\/www.gradski-muzej-krizevci.hr\/index.php?rest_route=\/wp\/v2\/pages\/1646\/revisions\/6323"}],"wp:attachment":[{"href":"https:\/\/www.gradski-muzej-krizevci.hr\/index.php?rest_route=%2Fwp%2Fv2%2Fmedia&parent=1646"}],"curies":[{"name":"wp","href":"https:\/\/api.w.org\/{rel}","templated":true}]}}