{"id":199,"date":"2016-10-19T08:19:53","date_gmt":"2016-10-19T07:19:53","guid":{"rendered":"http:\/\/www.gradski-muzej-krizevci.hr\/?page_id=199"},"modified":"2025-12-11T08:51:09","modified_gmt":"2025-12-11T07:51:09","slug":"radno-vrijeme-i-ulaznice","status":"publish","type":"page","link":"https:\/\/www.gradski-muzej-krizevci.hr\/?page_id=199","title":{"rendered":"Radno vrijeme i ulaznice"},"content":{"rendered":"<p>Gradski muzej Kri\u017eevci<br \/>\nTome Sermagea 2<br \/>\n48 260 Kri\u017eevci<br \/>\nTel: 048 \/ 682 &#8211; 958<br \/>\ne-mail: gmk@kc.t-com.hr<br \/>\nOIB: 51151853538<\/p>\n<p><strong>Stalni postav Gradskog muzeja Kri\u017eevci<\/strong><br \/>\nTome Sermagea 2, Kri\u017eevci<br \/>\nTel: 048 \/ 682 &#8211; 958<\/p>\n<p>Radno vrijeme za posjetitelje ljeti<strong> (01. 05. &#8211; 31. 10.): ponedjeljkom &#8211; petkom: 9 &#8211; 14 sati, te poslijepodne svaki radni dan uz prethodnu najavu, subotom 10 &#8211; 12 sati<\/strong><\/p>\n<p>Radno vrijeme za posjetitelje zimi <strong>(01. 11. &#8211; 30. 04.): ponedjeljak &#8211; petak: 10 &#8211; 15 sati, subota 10 &#8211; 12 sati<\/strong><\/p>\n<p><strong>Posjeti mogu\u0107i i izvan radnog vremena uz prethodnu najavu.<\/strong><\/p>\n<p><strong>Grupne posjete valja obavezno najaviti najkasnije tri dana unaprijed.<\/strong><\/p>\n<p>&nbsp;<\/p>\n<p>Cijena ulaznice:<\/p>\n<p>U\u010denici, studenti i umirovljenici:\u00a02 eur<\/p>\n<p>U\u010deni\u010dke, studentske i umirovljeni\u010dke grupe (minimalno 10 osoba): 1,50 eur<\/p>\n<p>Odrasli: 3 eur<\/p>\n<p>Grupe odraslih (minimalno 10 osoba):\u00a0\u00a02,5 eur<\/p>\n<p>Obiteljska ulaznica: 6 eur<\/p>\n<p>U cijenu ulaznice za grupe uklju\u010deno je stru\u010dno vodstvo (mogu\u0107e samo na hrvatskom jeziku)<\/p>\n<p>Besplatan ulaz za djecu do 6 godina, \u010dlanove ICOM-a i Hrvatskog muzejskog dru\u0161tva.<\/p>\n<p>Besplatan posjet Muzeju mogu\u0107 je u sljede\u0107e dane: No\u0107 muzeja (zadnji petak u sije\u010dnju), Me\u0111unarodni dan muzeja (18. 05.) i tijekom manifestacije Veliko kri\u017eeva\u010dko spravi\u0161\u010de (drugi vikend u lipnju).<\/p>\n<p>&nbsp;<\/p>\n<p><strong>Likovna galerija Gradskog muzeja Kri\u017eevci<\/strong><br \/>\nTrg Antuna Nem\u010di\u0107a 6\/I<br \/>\nTel: 048 \/ 711 &#8211; 210<\/p>\n<p><strong>Radno vrijeme:<\/strong><br \/>\n<strong>Povremene izlo\u017ebe \u2013 ljeti<\/strong><br \/>\n<strong>Ponedjeljak \u2013 petak 10 \u2013 13 i 18 \u2013 20 sati<\/strong><br \/>\n<strong>Subota 10 \u2013 12 sat\u00a0\/Lipanj i srpanj, za vrijeme trajanja Kri\u017eeva\u010dkog likovnog ljeta Likovna galerija ne radi u terminu od 18 do 20 sati\/<\/strong><\/p>\n<p>&nbsp;<\/p>\n<p><strong>Povremene izlo\u017ebe \u2013 zimi<\/strong><br \/>\n<strong>Ponedjeljak \u2013 petak 10 \u2013 13 i 17 \u2013 19 sati<\/strong><br \/>\n<strong>Subota 10 \u2013 12 sati<\/strong><\/p>\n<p>Mogu\u0107e fotografiranje i snimanje uz dozvolu ravnatelja\/ravnateljice.<\/p>\n<p>Nije mogu\u0107 pristup osoba s invaliditetom.<\/p>\n<p>Muzej nema vlastito parkirali\u0161te. U okolici se nalazi nekoliko javnih parkirali\u0161ta (besplatno i uz naplatu).<\/p>\n","protected":false},"excerpt":{"rendered":"<p>Gradski muzej Kri\u017eevci Tome Sermagea 2 48 260 Kri\u017eevci Tel: 048 \/ 682 &#8211; 958 e-mail: gmk@kc.t-com.hr OIB: 51151853538 Stalni postav Gradskog muzeja Kri\u017eevci Tome Sermagea 2, Kri\u017eevci Tel: 048&hellip;<\/p>\n","protected":false},"author":2,"featured_media":0,"parent":0,"menu_order":0,"comment_status":"closed","ping_status":"closed","template":"","meta":{"_bbp_topic_count":0,"_bbp_reply_count":0,"_bbp_total_topic_count":0,"_bbp_total_reply_count":0,"_bbp_voice_count":0,"_bbp_anonymous_reply_count":0,"_bbp_topic_count_hidden":0,"_bbp_reply_count_hidden":0,"_bbp_forum_subforum_count":0,"footnotes":""},"class_list":["post-199","page","type-page","status-publish","hentry"],"_links":{"self":[{"href":"https:\/\/www.gradski-muzej-krizevci.hr\/index.php?rest_route=\/wp\/v2\/pages\/199","targetHints":{"allow":["GET"]}}],"collection":[{"href":"https:\/\/www.gradski-muzej-krizevci.hr\/index.php?rest_route=\/wp\/v2\/pages"}],"about":[{"href":"https:\/\/www.gradski-muzej-krizevci.hr\/index.php?rest_route=\/wp\/v2\/types\/page"}],"author":[{"embeddable":true,"href":"https:\/\/www.gradski-muzej-krizevci.hr\/index.php?rest_route=\/wp\/v2\/users\/2"}],"replies":[{"embeddable":true,"href":"https:\/\/www.gradski-muzej-krizevci.hr\/index.php?rest_route=%2Fwp%2Fv2%2Fcomments&post=199"}],"version-history":[{"count":21,"href":"https:\/\/www.gradski-muzej-krizevci.hr\/index.php?rest_route=\/wp\/v2\/pages\/199\/revisions"}],"predecessor-version":[{"id":6598,"href":"https:\/\/www.gradski-muzej-krizevci.hr\/index.php?rest_route=\/wp\/v2\/pages\/199\/revisions\/6598"}],"wp:attachment":[{"href":"https:\/\/www.gradski-muzej-krizevci.hr\/index.php?rest_route=%2Fwp%2Fv2%2Fmedia&parent=199"}],"curies":[{"name":"wp","href":"https:\/\/api.w.org\/{rel}","templated":true}]}}